{"id":2412,"date":"2025-05-12T11:40:53","date_gmt":"2025-05-12T11:40:53","guid":{"rendered":"https:\/\/alexandre-chatelain.fr\/?page_id=2412"},"modified":"2025-05-12T11:40:54","modified_gmt":"2025-05-12T11:40:54","slug":"mentions-legales","status":"publish","type":"page","link":"https:\/\/alexandre-chatelain.fr\/en\/mentions-legales\/","title":{"rendered":"Mentions l\u00e9gales"},"content":{"rendered":"<h3 class=\"wp-block-heading\">1. \u00c9diteur du site<\/h3>\n\n\n\n<p>Le site <strong>alexandre-chatelain.fr<\/strong> est \u00e9dit\u00e9 par :<\/p>\n\n\n\n<p><strong>Alexandre Chatelain<\/strong><br>Micro-entrepreneur \u2013 D\u00e9veloppement web et mobile<br>\ud83d\udcde T\u00e9l\u00e9phone : +33 6 40 09 06 73<br>\ud83d\udce7 Email : <a>contact@alexandre-chatelain.fr<\/a><br>SIRET : 915 191 670 00016<\/p>\n\n\n\n<h3 class=\"wp-block-heading\">2. H\u00e9bergement<\/h3>\n\n\n\n<p>Le site est h\u00e9berg\u00e9 par :<\/p>\n\n\n\n<p><strong>Hostinger International Ltd<\/strong><br>61 Lordou Vironos Street, 6023 Larnaca, Chypre<br>Site web : <a class=\"\" href=\"https:\/\/www.hostinger.fr\">https:\/\/www.hostinger.fr<\/a><\/p>\n\n\n\n<h3 class=\"wp-block-heading\">3. Propri\u00e9t\u00e9 intellectuelle<\/h3>\n\n\n\n<p>L\u2019ensemble du contenu du site (textes, images, graphismes, logo, etc.) est la propri\u00e9t\u00e9 exclusive d\u2019Alexandre Chatelain, sauf mentions contraires. Toute reproduction, distribution ou utilisation sans autorisation est interdite.<\/p>\n\n\n\n<h3 class=\"wp-block-heading\">4. Responsabilit\u00e9<\/h3>\n\n\n\n<p>Alexandre Chatelain s\u2019efforce de fournir sur le site des informations aussi pr\u00e9cises que possible. Toutefois, il ne pourra \u00eatre tenu responsable des omissions, des inexactitudes ou des carences dans la mise \u00e0 jour.<\/p>\n\n\n\n<h3 class=\"wp-block-heading\">5. Paiements en ligne<\/h3>\n\n\n\n<p>Des liens de paiement via <strong>Stripe<\/strong> peuvent \u00eatre propos\u00e9s sur le site pour certaines prestations. Ces paiements sont s\u00e9curis\u00e9s via la plateforme Stripe. Alexandre Chatelain ne conserve aucune donn\u00e9e bancaire sur le site.<\/p>\n\n\n\n<p>Pour en savoir plus sur les conditions d\u2019utilisation de Stripe, rendez-vous sur : <a class=\"\" href=\"https:\/\/stripe.com\/fr\/legal\">https:\/\/stripe.com\/fr\/legal<\/a><\/p>\n\n\n\n<h3 class=\"wp-block-heading\">6. Donn\u00e9es personnelles<\/h3>\n\n\n\n<p>Les informations personnelles que tu peux \u00eatre amen\u00e9 \u00e0 fournir (formulaire de contact, paiement, etc.) sont utilis\u00e9es uniquement dans le cadre de la relation commerciale. Aucune donn\u00e9e n\u2019est transmise \u00e0 des tiers sans ton consentement.<\/p>\n\n\n\n<p>Tu peux \u00e0 tout moment demander la suppression ou la modification de tes donn\u00e9es en envoyant un e-mail \u00e0 : <strong><a>contact@alexandre-chatelain.fr<\/a><\/strong><\/p>\n\n\n\n<h3 class=\"wp-block-heading\">7. Cookies<\/h3>\n\n\n\n<p>Le site peut utiliser des cookies \u00e0 des fins de mesure d\u2019audience ou de bon fonctionnement. En poursuivant ta navigation, tu acceptes leur utilisation.<\/p>","protected":false},"excerpt":{"rendered":"<p>1. \u00c9diteur du site Le site alexandre-chatelain.fr est \u00e9dit\u00e9 par : Alexandre ChatelainMicro-entrepreneur \u2013 D\u00e9veloppement web et mobile\ud83d\udcde T\u00e9l\u00e9phone :&#8230;<\/p>","protected":false},"author":1,"featured_media":0,"parent":0,"menu_order":0,"comment_status":"closed","ping_status":"closed","template":"","meta":{"_acf_changed":false,"footnotes":""},"class_list":["post-2412","page","type-page","status-publish","hentry"],"acf":[],"_links":{"self":[{"href":"https:\/\/alexandre-chatelain.fr\/en\/wp-json\/wp\/v2\/pages\/2412","targetHints":{"allow":["GET"]}}],"collection":[{"href":"https:\/\/alexandre-chatelain.fr\/en\/wp-json\/wp\/v2\/pages"}],"about":[{"href":"https:\/\/alexandre-chatelain.fr\/en\/wp-json\/wp\/v2\/types\/page"}],"author":[{"embeddable":true,"href":"https:\/\/alexandre-chatelain.fr\/en\/wp-json\/wp\/v2\/users\/1"}],"replies":[{"embeddable":true,"href":"https:\/\/alexandre-chatelain.fr\/en\/wp-json\/wp\/v2\/comments?post=2412"}],"version-history":[{"count":1,"href":"https:\/\/alexandre-chatelain.fr\/en\/wp-json\/wp\/v2\/pages\/2412\/revisions"}],"predecessor-version":[{"id":2413,"href":"https:\/\/alexandre-chatelain.fr\/en\/wp-json\/wp\/v2\/pages\/2412\/revisions\/2413"}],"wp:attachment":[{"href":"https:\/\/alexandre-chatelain.fr\/en\/wp-json\/wp\/v2\/media?parent=2412"}],"curies":[{"name":"wp","href":"https:\/\/api.w.org\/{rel}","templated":true}]}}